{"id":2264,"date":"2023-11-21T08:22:49","date_gmt":"2023-11-21T08:22:49","guid":{"rendered":"https:\/\/starnet.al\/?page_id=2264"},"modified":"2024-04-08T14:17:30","modified_gmt":"2024-04-08T14:17:30","slug":"blog","status":"publish","type":"page","link":"https:\/\/starnet.al\/en\/blog\/","title":{"rendered":"Blog"},"content":{"rendered":"<div data-elementor-type=\"wp-page\" data-elementor-id=\"2264\" class=\"elementor elementor-2264\">\n\t\t\t\t\t\t<section class=\"elementor-section elementor-top-section elementor-element elementor-element-c9dd997 elementor-section-height-min-height elementor-section-boxed elementor-section-height-default elementor-section-items-middle\" data-id=\"c9dd997\" data-element_type=\"section\" data-settings=\"{&quot;background_background&quot;:&quot;classic&quot;}\">\n\t\t\t\t\t\t<div class=\"elementor-container elementor-column-gap-default\">\n\t\t\t\t\t<div class=\"elementor-column elementor-col-100 elementor-top-column elementor-element elementor-element-899760a\" data-id=\"899760a\" data-element_type=\"column\">\n\t\t\t<div class=\"elementor-widget-wrap\">\n\t\t\t\t\t\t\t<\/div>\n\t\t<\/div>\n\t\t\t\t\t<\/div>\n\t\t<\/section>\n\t\t\t\t<section class=\"elementor-section elementor-top-section elementor-element elementor-element-6cfb31a8 elementor-section-boxed elementor-section-height-default elementor-section-height-default\" data-id=\"6cfb31a8\" data-element_type=\"section\" data-settings=\"{&quot;background_background&quot;:&quot;classic&quot;}\">\n\t\t\t\t\t\t\t<div class=\"elementor-background-overlay\"><\/div>\n\t\t\t\t\t\t\t<div class=\"elementor-container elementor-column-gap-default\">\n\t\t\t\t\t<div class=\"elementor-column elementor-col-100 elementor-top-column elementor-element elementor-element-49826b02\" data-id=\"49826b02\" data-element_type=\"column\">\n\t\t\t<div class=\"elementor-widget-wrap elementor-element-populated\">\n\t\t\t\t\t\t<div class=\"elementor-element elementor-element-8426c3b elementor-align-center elementor-icon-list--layout-traditional elementor-list-item-link-full_width elementor-widget elementor-widget-icon-list\" data-id=\"8426c3b\" data-element_type=\"widget\" data-widget_type=\"icon-list.default\">\n\t\t\t\t<div class=\"elementor-widget-container\">\n\t\t\t\t\t\t\t<ul class=\"elementor-icon-list-items\">\n\t\t\t\t\t\t\t<li class=\"elementor-icon-list-item\">\n\t\t\t\t\t\t\t\t\t\t\t<span class=\"elementor-icon-list-icon\">\n\t\t\t\t\t\t\t<i aria-hidden=\"true\" class=\"fas fa-wifi\"><\/i>\t\t\t\t\t\t<\/span>\n\t\t\t\t\t\t\t\t\t\t<span class=\"elementor-icon-list-text\">BLOG<\/span>\n\t\t\t\t\t\t\t\t\t<\/li>\n\t\t\t\t\t\t<\/ul>\n\t\t\t\t\t\t<\/div>\n\t\t\t\t<\/div>\n\t\t\t\t<div class=\"elementor-element elementor-element-11c9cbd1 elementor-widget elementor-widget-heading\" data-id=\"11c9cbd1\" data-element_type=\"widget\" data-widget_type=\"heading.default\">\n\t\t\t\t<div class=\"elementor-widget-container\">\n\t\t\t\t\t<h2 class=\"elementor-heading-title elementor-size-default\">Artkujt e fundit nga STARNET<\/h2>\t\t\t\t<\/div>\n\t\t\t\t<\/div>\n\t\t\t\t<div class=\"elementor-element elementor-element-39cd2ffa elementor-widget elementor-widget-elementskit-blog-posts\" data-id=\"39cd2ffa\" data-element_type=\"widget\" data-widget_type=\"elementskit-blog-posts.default\">\n\t\t\t\t<div class=\"elementor-widget-container\">\n\t\t\t\t\t<div class=\"ekit-wid-con\" >        <div id=\"post-items--39cd2ffa\" class=\"row post-items\">\n                    <div class=\"col-lg-4 col-md-6\">\n\n                                    <div class=\"elementskit-post-image-card\">\n                        <div class=\"elementskit-entry-header\">\n                                                            <a href=\"https:\/\/starnet.al\/en\/kontrolli-prinderor\/\" class=\"elementskit-entry-thumb\">\n                                    <img decoding=\"async\" src=\"https:\/\/starnet.al\/wp-content\/uploads\/2023\/10\/homepage-concept-with-search-bar-scaled.jpg\" alt=\"Kontrolli prind\u00ebror p\u00ebr sigurin\u00eb e f\u00ebmij\u00ebve n\u00eb internet.\">\n                                <\/a><!-- .elementskit-entry-thumb END -->\n                                                            \n                            \n\t\t\t\t\t\t\t\t\t\t\t\t\t<\/div><!-- .elementskit-entry-header END -->\n\n\t\t\t\t\t\t<div class=\"elementskit-post-body\">\n\t\t\t\t\t\t\t\t\t\t\t\t\t\t\t\t\t\t\t\t<h2 class=\"entry-title\">\n\t\t\t\t\t<a href=\"https:\/\/starnet.al\/en\/kontrolli-prinderor\/\">\n\t\t\t\t\t\tKontrolli prind\u00ebror p\u00ebr sigurin\u00eb e f\u00ebmij\u00ebve n\u00eb internet.\t\t\t\t\t<\/a>\n\t\t\t\t<\/h2>\n\t\t\t\t\t\t\t\t\t\t\t\n\t\t\t\t\t\t\t\t\t\t\t\t\t\t\t\t\t\t\t\t\t\t\t\t\t\t\t\t<div class=\"post-meta-list\">\n\t\t\t\t\t\t\t\t\t\t\t\t\t<\/div>\n\t\t\t\t\t\t\t\t\t\t\t\t\t\n\t\t\t\t\t\t\t\t\n\t\t\t\t\t\t\t\t\t\t\t\t\t\t\t\t\t\t\t\t\t\t\t\t\t\t\t\t\t                                                            <div class=\"btn-wraper\">\n                                                                            <a class=\"elementskit-btn whitespace--normal\" id=\"\" href=\"https:\/\/starnet.al\/en\/kontrolli-prinderor\/\">\n                                            Lexo artikullin e plot\u00eb                                            <i aria-hidden=\"true\" class=\"icon icon-right-arrow\"><\/i>                                        <\/a>\n                                    \n                                                                    <\/div>\n                                                    <\/div><!-- .elementskit-post-body END -->\n                    <\/div>\n                \n            <\/div>\n                    <div class=\"col-lg-4 col-md-6\">\n\n                                    <div class=\"elementskit-post-image-card\">\n                        <div class=\"elementskit-entry-header\">\n                                                            <a href=\"https:\/\/starnet.al\/en\/interneti-ne-shtepi-avantazhe-ndikimi-dhe-sherbimet-ne-zhvillim\/\" class=\"elementskit-entry-thumb\">\n                                    <img decoding=\"async\" src=\"https:\/\/starnet.al\/wp-content\/uploads\/2023\/10\/close-up-woman-s-hands-reviewing-report-scaled.jpg\" alt=\"Interneti n\u00eb Sht\u00ebpi &#8211; Avantazhe, Ndikimi, dhe Sh\u00ebrbimet N\u00eb Zhvillim\">\n                                <\/a><!-- .elementskit-entry-thumb END -->\n                                                            \n                            \n\t\t\t\t\t\t\t\t\t\t\t\t\t<\/div><!-- .elementskit-entry-header END -->\n\n\t\t\t\t\t\t<div class=\"elementskit-post-body\">\n\t\t\t\t\t\t\t\t\t\t\t\t\t\t\t\t\t\t\t\t<h2 class=\"entry-title\">\n\t\t\t\t\t<a href=\"https:\/\/starnet.al\/en\/interneti-ne-shtepi-avantazhe-ndikimi-dhe-sherbimet-ne-zhvillim\/\">\n\t\t\t\t\t\tInterneti n\u00eb Sht\u00ebpi &#8211; Avantazhe, Ndikimi, dhe Sh\u00ebrbimet N\u00eb Zhvillim\t\t\t\t\t<\/a>\n\t\t\t\t<\/h2>\n\t\t\t\t\t\t\t\t\t\t\t\n\t\t\t\t\t\t\t\t\t\t\t\t\t\t\t\t\t\t\t\t\t\t\t\t\t\t\t\t<div class=\"post-meta-list\">\n\t\t\t\t\t\t\t\t\t\t\t\t\t<\/div>\n\t\t\t\t\t\t\t\t\t\t\t\t\t\n\t\t\t\t\t\t\t\t\n\t\t\t\t\t\t\t\t\t\t\t\t\t\t\t\t\t\t\t\t\t\t\t\t\t\t\t\t\t                                                            <div class=\"btn-wraper\">\n                                                                            <a class=\"elementskit-btn whitespace--normal\" id=\"\" href=\"https:\/\/starnet.al\/en\/interneti-ne-shtepi-avantazhe-ndikimi-dhe-sherbimet-ne-zhvillim\/\">\n                                            Lexo artikullin e plot\u00eb                                            <i aria-hidden=\"true\" class=\"icon icon-right-arrow\"><\/i>                                        <\/a>\n                                    \n                                                                    <\/div>\n                                                    <\/div><!-- .elementskit-post-body END -->\n                    <\/div>\n                \n            <\/div>\n                <\/div>\n       <\/div>\t\t\t\t<\/div>\n\t\t\t\t<\/div>\n\t\t\t\t\t<\/div>\n\t\t<\/div>\n\t\t\t\t\t<\/div>\n\t\t<\/section>\n\t\t\t\t<\/div>","protected":false},"excerpt":{"rendered":"<p>BLOG Artkujt e fundit nga STARNET Kontrolli Prind\u00ebror: Udh\u00ebzuesi p\u00ebr Sigurin\u00eb e F\u00ebmij\u00ebve n\u00eb Internet Lexo artikullin e plot\u00eb Interneti n\u00eb Sht\u00ebpi &#8211; Avantazhe, Ndikimi, dhe Sh\u00ebrbimet N\u00eb Zhvillim Lexo artikullin e plot\u00eb<\/p>","protected":false},"author":1,"featured_media":0,"parent":0,"menu_order":0,"comment_status":"closed","ping_status":"closed","template":"elementor_header_footer","meta":{"footnotes":""},"class_list":["post-2264","page","type-page","status-publish","hentry"],"yoast_head":"<!-- This site is optimized with the Yoast SEO plugin v25.9 - https:\/\/yoast.com\/wordpress\/plugins\/seo\/ -->\n<title>Blog - STARNET<\/title>\n<meta name=\"robots\" content=\"index, follow, max-snippet:-1, max-image-preview:large, max-video-preview:-1\" \/>\n<link rel=\"canonical\" href=\"https:\/\/starnet.al\/en\/blog\/\" \/>\n<meta property=\"og:locale\" content=\"en_US\" \/>\n<meta property=\"og:type\" content=\"article\" \/>\n<meta property=\"og:title\" content=\"Blog - STARNET\" \/>\n<meta property=\"og:description\" content=\"BLOG Artkujt e fundit nga STARNET Kontrolli Prind\u00ebror: Udh\u00ebzuesi p\u00ebr Sigurin\u00eb e F\u00ebmij\u00ebve n\u00eb Internet Lexo artikullin e plot\u00eb Interneti n\u00eb Sht\u00ebpi &#8211; Avantazhe, Ndikimi, dhe Sh\u00ebrbimet N\u00eb Zhvillim Lexo artikullin e plot\u00eb\" \/>\n<meta property=\"og:url\" content=\"https:\/\/starnet.al\/en\/blog\/\" \/>\n<meta property=\"og:site_name\" content=\"STARNET\" \/>\n<meta property=\"article:modified_time\" content=\"2024-04-08T14:17:30+00:00\" \/>\n<meta property=\"og:image\" content=\"https:\/\/starnet.al\/wp-content\/uploads\/2023\/10\/homepage-concept-with-search-bar-scaled.jpg\" \/>\n<meta name=\"twitter:card\" content=\"summary_large_image\" \/>\n<meta name=\"twitter:label1\" content=\"Est. reading time\" \/>\n\t<meta name=\"twitter:data1\" content=\"1 minute\" \/>\n<script type=\"application\/ld+json\" class=\"yoast-schema-graph\">{\"@context\":\"https:\/\/schema.org\",\"@graph\":[{\"@type\":\"WebPage\",\"@id\":\"https:\/\/starnet.al\/blog\/\",\"url\":\"https:\/\/starnet.al\/blog\/\",\"name\":\"Blog - STARNET\",\"isPartOf\":{\"@id\":\"https:\/\/starnet.al\/#website\"},\"primaryImageOfPage\":{\"@id\":\"https:\/\/starnet.al\/blog\/#primaryimage\"},\"image\":{\"@id\":\"https:\/\/starnet.al\/blog\/#primaryimage\"},\"thumbnailUrl\":\"https:\/\/starnet.al\/wp-content\/uploads\/2023\/10\/homepage-concept-with-search-bar-scaled.jpg\",\"datePublished\":\"2023-11-21T08:22:49+00:00\",\"dateModified\":\"2024-04-08T14:17:30+00:00\",\"breadcrumb\":{\"@id\":\"https:\/\/starnet.al\/blog\/#breadcrumb\"},\"inLanguage\":\"en-US\",\"potentialAction\":[{\"@type\":\"ReadAction\",\"target\":[\"https:\/\/starnet.al\/blog\/\"]}]},{\"@type\":\"ImageObject\",\"inLanguage\":\"en-US\",\"@id\":\"https:\/\/starnet.al\/blog\/#primaryimage\",\"url\":\"https:\/\/starnet.al\/wp-content\/uploads\/2023\/10\/homepage-concept-with-search-bar-scaled.jpg\",\"contentUrl\":\"https:\/\/starnet.al\/wp-content\/uploads\/2023\/10\/homepage-concept-with-search-bar-scaled.jpg\"},{\"@type\":\"BreadcrumbList\",\"@id\":\"https:\/\/starnet.al\/blog\/#breadcrumb\",\"itemListElement\":[{\"@type\":\"ListItem\",\"position\":1,\"name\":\"Home\",\"item\":\"https:\/\/starnet.al\/\"},{\"@type\":\"ListItem\",\"position\":2,\"name\":\"Blog\"}]},{\"@type\":\"WebSite\",\"@id\":\"https:\/\/starnet.al\/#website\",\"url\":\"https:\/\/starnet.al\/\",\"name\":\"STARNET\",\"description\":\"\",\"publisher\":{\"@id\":\"https:\/\/starnet.al\/#organization\"},\"potentialAction\":[{\"@type\":\"SearchAction\",\"target\":{\"@type\":\"EntryPoint\",\"urlTemplate\":\"https:\/\/starnet.al\/?s={search_term_string}\"},\"query-input\":{\"@type\":\"PropertyValueSpecification\",\"valueRequired\":true,\"valueName\":\"search_term_string\"}}],\"inLanguage\":\"en-US\"},{\"@type\":\"Organization\",\"@id\":\"https:\/\/starnet.al\/#organization\",\"name\":\"STARNET\",\"url\":\"https:\/\/starnet.al\/\",\"logo\":{\"@type\":\"ImageObject\",\"inLanguage\":\"en-US\",\"@id\":\"https:\/\/starnet.al\/#\/schema\/logo\/image\/\",\"url\":\"https:\/\/starnet.al\/wp-content\/uploads\/2023\/10\/cropped-cropped-Untitled_design__2_-removebg-preview.png\",\"contentUrl\":\"https:\/\/starnet.al\/wp-content\/uploads\/2023\/10\/cropped-cropped-Untitled_design__2_-removebg-preview.png\",\"width\":512,\"height\":387,\"caption\":\"STARNET\"},\"image\":{\"@id\":\"https:\/\/starnet.al\/#\/schema\/logo\/image\/\"}}]}<\/script>\n<!-- \/ Yoast SEO plugin. -->","yoast_head_json":{"title":"Blog - STARNET","robots":{"index":"index","follow":"follow","max-snippet":"max-snippet:-1","max-image-preview":"max-image-preview:large","max-video-preview":"max-video-preview:-1"},"canonical":"https:\/\/starnet.al\/en\/blog\/","og_locale":"en_US","og_type":"article","og_title":"Blog - STARNET","og_description":"BLOG Artkujt e fundit nga STARNET Kontrolli Prind\u00ebror: Udh\u00ebzuesi p\u00ebr Sigurin\u00eb e F\u00ebmij\u00ebve n\u00eb Internet Lexo artikullin e plot\u00eb Interneti n\u00eb Sht\u00ebpi &#8211; Avantazhe, Ndikimi, dhe Sh\u00ebrbimet N\u00eb Zhvillim Lexo artikullin e plot\u00eb","og_url":"https:\/\/starnet.al\/en\/blog\/","og_site_name":"STARNET","article_modified_time":"2024-04-08T14:17:30+00:00","og_image":[{"url":"https:\/\/starnet.al\/wp-content\/uploads\/2023\/10\/homepage-concept-with-search-bar-scaled.jpg","type":"","width":"","height":""}],"twitter_card":"summary_large_image","twitter_misc":{"Est. reading time":"1 minute"},"schema":{"@context":"https:\/\/schema.org","@graph":[{"@type":"WebPage","@id":"https:\/\/starnet.al\/blog\/","url":"https:\/\/starnet.al\/blog\/","name":"Blog - STARNET","isPartOf":{"@id":"https:\/\/starnet.al\/#website"},"primaryImageOfPage":{"@id":"https:\/\/starnet.al\/blog\/#primaryimage"},"image":{"@id":"https:\/\/starnet.al\/blog\/#primaryimage"},"thumbnailUrl":"https:\/\/starnet.al\/wp-content\/uploads\/2023\/10\/homepage-concept-with-search-bar-scaled.jpg","datePublished":"2023-11-21T08:22:49+00:00","dateModified":"2024-04-08T14:17:30+00:00","breadcrumb":{"@id":"https:\/\/starnet.al\/blog\/#breadcrumb"},"inLanguage":"en-US","potentialAction":[{"@type":"ReadAction","target":["https:\/\/starnet.al\/blog\/"]}]},{"@type":"ImageObject","inLanguage":"en-US","@id":"https:\/\/starnet.al\/blog\/#primaryimage","url":"https:\/\/starnet.al\/wp-content\/uploads\/2023\/10\/homepage-concept-with-search-bar-scaled.jpg","contentUrl":"https:\/\/starnet.al\/wp-content\/uploads\/2023\/10\/homepage-concept-with-search-bar-scaled.jpg"},{"@type":"BreadcrumbList","@id":"https:\/\/starnet.al\/blog\/#breadcrumb","itemListElement":[{"@type":"ListItem","position":1,"name":"Home","item":"https:\/\/starnet.al\/"},{"@type":"ListItem","position":2,"name":"Blog"}]},{"@type":"WebSite","@id":"https:\/\/starnet.al\/#website","url":"https:\/\/starnet.al\/","name":"STARNET","description":"","publisher":{"@id":"https:\/\/starnet.al\/#organization"},"potentialAction":[{"@type":"SearchAction","target":{"@type":"EntryPoint","urlTemplate":"https:\/\/starnet.al\/?s={search_term_string}"},"query-input":{"@type":"PropertyValueSpecification","valueRequired":true,"valueName":"search_term_string"}}],"inLanguage":"en-US"},{"@type":"Organization","@id":"https:\/\/starnet.al\/#organization","name":"STARNET","url":"https:\/\/starnet.al\/","logo":{"@type":"ImageObject","inLanguage":"en-US","@id":"https:\/\/starnet.al\/#\/schema\/logo\/image\/","url":"https:\/\/starnet.al\/wp-content\/uploads\/2023\/10\/cropped-cropped-Untitled_design__2_-removebg-preview.png","contentUrl":"https:\/\/starnet.al\/wp-content\/uploads\/2023\/10\/cropped-cropped-Untitled_design__2_-removebg-preview.png","width":512,"height":387,"caption":"STARNET"},"image":{"@id":"https:\/\/starnet.al\/#\/schema\/logo\/image\/"}}]}},"_links":{"self":[{"href":"https:\/\/starnet.al\/en\/wp-json\/wp\/v2\/pages\/2264","targetHints":{"allow":["GET"]}}],"collection":[{"href":"https:\/\/starnet.al\/en\/wp-json\/wp\/v2\/pages"}],"about":[{"href":"https:\/\/starnet.al\/en\/wp-json\/wp\/v2\/types\/page"}],"author":[{"embeddable":true,"href":"https:\/\/starnet.al\/en\/wp-json\/wp\/v2\/users\/1"}],"replies":[{"embeddable":true,"href":"https:\/\/starnet.al\/en\/wp-json\/wp\/v2\/comments?post=2264"}],"version-history":[{"count":34,"href":"https:\/\/starnet.al\/en\/wp-json\/wp\/v2\/pages\/2264\/revisions"}],"predecessor-version":[{"id":2460,"href":"https:\/\/starnet.al\/en\/wp-json\/wp\/v2\/pages\/2264\/revisions\/2460"}],"wp:attachment":[{"href":"https:\/\/starnet.al\/en\/wp-json\/wp\/v2\/media?parent=2264"}],"curies":[{"name":"wp","href":"https:\/\/api.w.org\/{rel}","templated":true}]}}