{"id":386,"date":"2023-10-18T15:37:41","date_gmt":"2023-10-18T15:37:41","guid":{"rendered":"https:\/\/starnet.al\/?page_id=386"},"modified":"2023-11-07T11:35:25","modified_gmt":"2023-11-07T11:35:25","slug":"na-kontaktoni","status":"publish","type":"page","link":"https:\/\/starnet.al\/en\/na-kontaktoni\/","title":{"rendered":"Contact us"},"content":{"rendered":"<div data-elementor-type=\"wp-page\" data-elementor-id=\"386\" class=\"elementor elementor-386\">\n\t\t\t\t\t\t<section class=\"elementor-section elementor-top-section elementor-element elementor-element-4b20258d elementor-section-height-min-height elementor-section-boxed elementor-section-height-default elementor-section-items-middle\" data-id=\"4b20258d\" data-element_type=\"section\" data-settings=\"{&quot;background_background&quot;:&quot;classic&quot;}\">\n\t\t\t\t\t\t<div class=\"elementor-container elementor-column-gap-default\">\n\t\t\t\t\t<div class=\"elementor-column elementor-col-100 elementor-top-column elementor-element elementor-element-a6091f5\" data-id=\"a6091f5\" data-element_type=\"column\">\n\t\t\t<div class=\"elementor-widget-wrap\">\n\t\t\t\t\t\t\t<\/div>\n\t\t<\/div>\n\t\t\t\t\t<\/div>\n\t\t<\/section>\n\t\t\t\t<section class=\"elementor-section elementor-top-section elementor-element elementor-element-311732cf elementor-section-boxed elementor-section-height-default elementor-section-height-default\" data-id=\"311732cf\" data-element_type=\"section\">\n\t\t\t\t\t\t<div class=\"elementor-container elementor-column-gap-default\">\n\t\t\t\t\t<div class=\"elementor-column elementor-col-50 elementor-top-column elementor-element elementor-element-2146485\" data-id=\"2146485\" data-element_type=\"column\">\n\t\t\t<div class=\"elementor-widget-wrap elementor-element-populated\">\n\t\t\t\t\t\t<div class=\"elementor-element elementor-element-11d852e5 elementor-mobile-align-center elementor-widget-mobile__width-initial elementor-icon-list--layout-traditional elementor-list-item-link-full_width elementor-widget elementor-widget-icon-list\" data-id=\"11d852e5\" data-element_type=\"widget\" data-widget_type=\"icon-list.default\">\n\t\t\t\t<div class=\"elementor-widget-container\">\n\t\t\t\t\t\t\t<ul class=\"elementor-icon-list-items\">\n\t\t\t\t\t\t\t<li class=\"elementor-icon-list-item\">\n\t\t\t\t\t\t\t\t\t\t\t<span class=\"elementor-icon-list-icon\">\n\t\t\t\t\t\t\t<i aria-hidden=\"true\" class=\"fas fa-wifi\"><\/i>\t\t\t\t\t\t<\/span>\n\t\t\t\t\t\t\t\t\t\t<span class=\"elementor-icon-list-text\">SEND A MESSAGE<\/span>\n\t\t\t\t\t\t\t\t\t<\/li>\n\t\t\t\t\t\t<\/ul>\n\t\t\t\t\t\t<\/div>\n\t\t\t\t<\/div>\n\t\t\t\t<div class=\"elementor-element elementor-element-53e5532c elementor-widget-mobile__width-initial elementor-widget elementor-widget-heading\" data-id=\"53e5532c\" data-element_type=\"widget\" data-widget_type=\"heading.default\">\n\t\t\t\t<div class=\"elementor-widget-container\">\n\t\t\t\t\t<h2 class=\"elementor-heading-title elementor-size-default\">Let's start talking to our staff to help you.<\/h2>\t\t\t\t<\/div>\n\t\t\t\t<\/div>\n\t\t\t\t<div class=\"elementor-element elementor-element-c423b0d elementor-widget-mobile__width-initial elementor-widget elementor-widget-elementskit-social-media\" data-id=\"c423b0d\" data-element_type=\"widget\" data-widget_type=\"elementskit-social-media.default\">\n\t\t\t\t<div class=\"elementor-widget-container\">\n\t\t\t\t\t<div class=\"ekit-wid-con\" >\t\t\t <ul class=\"ekit_social_media\">\n\t\t\t\t\t\t\t\t\t\t\t\t\t\t<li class=\"elementor-repeater-item-e8c8aba\">\n\t\t\t\t\t    <a\n\t\t\t\t\t\thref=\"https:\/\/www.facebook.com\/starnetshpk\" aria-label=\"Facebook\" class=\"facebook\" >\n\t\t\t\t\t\t\t\n\t\t\t\t\t\t\t<i aria-hidden=\"true\" class=\"icon icon-facebook\"><\/i>\n                                                                                                            <\/a>\n                    <\/li>\n                    \t\t\t\t\t\t\t\t\t\t\t\t\t\t<li class=\"elementor-repeater-item-6c2c3bc\">\n\t\t\t\t\t    <a\n\t\t\t\t\t\thref=\"https:\/\/www.linkedin.com\/company\/starnet-shpk\" aria-label=\"Linkedin\" class=\"linkedin\" >\n\t\t\t\t\t\t\t\n\t\t\t\t\t\t\t<i aria-hidden=\"true\" class=\"icon icon-linkedin\"><\/i>\n                                                                                                            <\/a>\n                    <\/li>\n                    \t\t\t\t\t\t\t\t\t\t\t\t\t\t<li class=\"elementor-repeater-item-39d538c\">\n\t\t\t\t\t    <a\n\t\t\t\t\t\thref=\"https:\/\/www.instagram.com\/starnet_shpk\/\" aria-label=\"Instagram\" class=\"1\" >\n\t\t\t\t\t\t\t\n\t\t\t\t\t\t\t<i aria-hidden=\"true\" class=\"icon icon-instagram-1\"><\/i>\n                                                                                                            <\/a>\n                    <\/li>\n                    \t\t\t\t\t\t\t\t\t\t\t\t\t\t<li class=\"elementor-repeater-item-a9d2725\">\n\t\t\t\t\t    <a\n\t\t\t\t\t\thref=\"https:\/\/twitter.com\/starnetal\" aria-label=\"Twitter\" class=\"twitter\" >\n\t\t\t\t\t\t\t\n\t\t\t\t\t\t\t<i aria-hidden=\"true\" class=\"fab fa-twitter\"><\/i>\n                                                                                                            <\/a>\n                    <\/li>\n                    \t\t\t\t\t\t\t<\/ul>\n\t\t<\/div>\t\t\t\t<\/div>\n\t\t\t\t<\/div>\n\t\t\t\t\t<\/div>\n\t\t<\/div>\n\t\t\t\t<div class=\"elementor-column elementor-col-50 elementor-top-column elementor-element elementor-element-2f68f6df\" data-id=\"2f68f6df\" data-element_type=\"column\" data-settings=\"{&quot;background_background&quot;:&quot;classic&quot;}\">\n\t\t\t<div class=\"elementor-widget-wrap elementor-element-populated\">\n\t\t\t\t\t\t<div class=\"elementor-element elementor-element-95eb7fe elementor-widget elementor-widget-text-editor\" data-id=\"95eb7fe\" data-element_type=\"widget\" data-widget_type=\"text-editor.default\">\n\t\t\t\t<div class=\"elementor-widget-container\">\n\t\t\t\t\t\t\t\t\t<p>Let's start talking to our staff to help you.<\/p>\t\t\t\t\t\t\t\t<\/div>\n\t\t\t\t<\/div>\n\t\t\t\t<div class=\"elementor-element elementor-element-5972c79 elementor-widget elementor-widget-html\" data-id=\"5972c79\" data-element_type=\"widget\" data-widget_type=\"html.default\">\n\t\t\t\t<div class=\"elementor-widget-container\">\n\t\t\t\t\t<script type=\"text\/javascript\">(function(){var js=document.getElementById(\"splynx_signup_script\");if(!js){js=document.createElement(\"script\");js.id=\"splynx_signup_script\";js.src=\"https:\/\/billing.starnet.al\/js\/development\/widgets\/signup.js\";document.body.appendChild(js);}var p={\"formTitle\":\"Starnet Shpk\",\"formButtonText\":\"Regjistrohu\",\"submitThanks\":\"Faleminderit p\u00ebr k\u00ebrkesen tuaj. Do t'ju kontaktojme sa m\u00eb shpejt\u00eb.\",\"required_tariff\":0,\"vat_included\":0,\"partner_id\":\"1\",\"admin_id\":\"1\",\"crm_status\":\"1\",\"location\":\"1\",\"show_form_terms\":1,\"form_terms_template\":\"173\",\"required_first_name\":1,\"required_email\":1,\"required_numer_telefoni\":1,\"required_koment\":0,\"queryString\":\"formTitle=Starnet%20Shpk&formButtonText=Regjistrohu&submitThanks=Faleminderit%20p%C3%ABr%20k%C3%ABrkesen%20tuaj.%20Do%20t'ju%20kontaktojme%20sa%20m%C3%AB%20shpejt%C3%AB.&required_tariff=0&vat_included=0&partner_id=1&admin_id=1&crm_status=1&location=1&show_form_terms=1&form_terms_template=173&required_first_name=1&required_email=1&required_numer_telefoni=1&required_koment=0\",\"url\":\"https:\/\/billing.starnet.al\",\"scriptUrl\":\"https:\/\/billing.starnet.al\/js\/development\/widgets\/signup.js\"};if(typeof SplynxSignUpWidget===\"undefined\"){js.addEventListener(\"load\", function(){SplynxSignUpWidget.init(p);});}else{SplynxSignUpWidget.init(p);}})();<\/script>\r\n<iframe data-widget-type=\"embedded\" width=\"100%\" src=\"https:\/\/billing.starnet.al\/admin\/crm\/sign-up?selected_internet=0&amp;selected_voice=0&amp;selected_recurring=0&amp;selected_bundle=0&amp;formTitle=Starnet%20Shpk&amp;formButtonText=Regjistrohu&amp;submitThanks=Faleminderit%20p%C3%ABr%20k%C3%ABrkesen%20tuaj.%20Do%20t'ju%20kontaktojme%20sa%20m%C3%AB%20shpejt%C3%AB.&amp;required_tariff=0&amp;vat_included=0&amp;partner_id=1&amp;admin_id=1&amp;crm_status=1&amp;location=1&amp;show_form_terms=1&amp;form_terms_template=173&amp;required_first_name=1&amp;required_email=1&amp;required_numer_telefoni=1&amp;required_koment=0\" frameborder=\"0\" id=\"splynx-signup-widget-frame\"><\/iframe>\t\t\t\t<\/div>\n\t\t\t\t<\/div>\n\t\t\t\t\t<\/div>\n\t\t<\/div>\n\t\t\t\t\t<\/div>\n\t\t<\/section>\n\t\t\t\t<section class=\"elementor-section elementor-top-section elementor-element elementor-element-149cb4e elementor-section-full_width elementor-section-height-default elementor-section-height-default\" data-id=\"149cb4e\" data-element_type=\"section\">\n\t\t\t\t\t\t<div class=\"elementor-container elementor-column-gap-no\">\n\t\t\t\t\t<div class=\"elementor-column elementor-col-100 elementor-top-column elementor-element elementor-element-1794f231\" data-id=\"1794f231\" data-element_type=\"column\">\n\t\t\t<div class=\"elementor-widget-wrap elementor-element-populated\">\n\t\t\t\t\t\t<div class=\"elementor-element elementor-element-35fb3895 elementor-widget elementor-widget-google_maps\" data-id=\"35fb3895\" data-element_type=\"widget\" data-widget_type=\"google_maps.default\">\n\t\t\t\t<div class=\"elementor-widget-container\">\n\t\t\t\t\t\t\t<div class=\"elementor-custom-embed\">\n\t\t\t<iframe loading=\"lazy\"\n\t\t\t\t\tsrc=\"https:\/\/maps.google.com\/maps?q=Starnet%20shpk%2C%20Nr.%2011%2C%20Rr.%20Dritan%20Hoxha%20Nd%20203%2C%20Tirana%201023&#038;t=m&#038;z=14&#038;output=embed&#038;iwloc=near\"\n\t\t\t\t\ttitle=\"Starnet shpk, Nr. 11, Rr. Dritan Hoxha Nd 203, Tirana 1023\"\n\t\t\t\t\taria-label=\"Starnet shpk, Nr. 11, Rr. Dritan Hoxha Nd 203, Tirana 1023\"\n\t\t\t><\/iframe>\n\t\t<\/div>\n\t\t\t\t\t\t<\/div>\n\t\t\t\t<\/div>\n\t\t\t\t\t<\/div>\n\t\t<\/div>\n\t\t\t\t\t<\/div>\n\t\t<\/section>\n\t\t\t\t<section class=\"elementor-section elementor-top-section elementor-element elementor-element-26cbc57d elementor-section-boxed elementor-section-height-default elementor-section-height-default\" data-id=\"26cbc57d\" data-element_type=\"section\" data-settings=\"{&quot;background_background&quot;:&quot;classic&quot;}\">\n\t\t\t\t\t\t\t<div class=\"elementor-background-overlay\"><\/div>\n\t\t\t\t\t\t\t<div class=\"elementor-container elementor-column-gap-default\">\n\t\t\t\t\t<div class=\"elementor-column elementor-col-100 elementor-top-column elementor-element elementor-element-196cd4f4\" data-id=\"196cd4f4\" data-element_type=\"column\">\n\t\t\t<div class=\"elementor-widget-wrap elementor-element-populated\">\n\t\t\t\t\t\t<div class=\"elementor-element elementor-element-60af99c5 elementor-align-center elementor-icon-list--layout-traditional elementor-list-item-link-full_width elementor-widget elementor-widget-icon-list\" data-id=\"60af99c5\" data-element_type=\"widget\" data-widget_type=\"icon-list.default\">\n\t\t\t\t<div class=\"elementor-widget-container\">\n\t\t\t\t\t\t\t<ul class=\"elementor-icon-list-items\">\n\t\t\t\t\t\t\t<li class=\"elementor-icon-list-item\">\n\t\t\t\t\t\t\t\t\t\t\t<span class=\"elementor-icon-list-icon\">\n\t\t\t\t\t\t\t<i aria-hidden=\"true\" class=\"fas fa-wifi\"><\/i>\t\t\t\t\t\t<\/span>\n\t\t\t\t\t\t\t\t\t\t<span class=\"elementor-icon-list-text\">CONTACT US<\/span>\n\t\t\t\t\t\t\t\t\t<\/li>\n\t\t\t\t\t\t<\/ul>\n\t\t\t\t\t\t<\/div>\n\t\t\t\t<\/div>\n\t\t\t\t<div class=\"elementor-element elementor-element-43926034 elementor-widget elementor-widget-heading\" data-id=\"43926034\" data-element_type=\"widget\" data-widget_type=\"heading.default\">\n\t\t\t\t<div class=\"elementor-widget-container\">\n\t\t\t\t\t<h2 class=\"elementor-heading-title elementor-size-default\">Contact us for any questions you have<\/h2>\t\t\t\t<\/div>\n\t\t\t\t<\/div>\n\t\t\t\t<section class=\"elementor-section elementor-inner-section elementor-element elementor-element-5ffb9d34 elementor-section-boxed elementor-section-height-default elementor-section-height-default\" data-id=\"5ffb9d34\" data-element_type=\"section\">\n\t\t\t\t\t\t<div class=\"elementor-container elementor-column-gap-default\">\n\t\t\t\t\t<div class=\"elementor-column elementor-col-33 elementor-inner-column elementor-element elementor-element-20151a65\" data-id=\"20151a65\" data-element_type=\"column\">\n\t\t\t<div class=\"elementor-widget-wrap elementor-element-populated\">\n\t\t\t\t\t\t<div class=\"elementor-element elementor-element-4ced7fbe ekit-equal-height-disable elementor-widget elementor-widget-elementskit-icon-box\" data-id=\"4ced7fbe\" data-element_type=\"widget\" data-widget_type=\"elementskit-icon-box.default\">\n\t\t\t\t<div class=\"elementor-widget-container\">\n\t\t\t\t\t<div class=\"ekit-wid-con\" >        <!-- link opening -->\n                <a href=\"#\" class=\"ekit_global_links\">\n                <!-- end link opening -->\n\n        <div class=\"elementskit-infobox text-center text- icon-top-align elementor-animation-\">\n                    <div class=\"elementskit-box-header elementor-animation-\">\n                <div class=\"elementskit-info-box-icon\">\n                    <i aria-hidden=\"true\" class=\"elementkit-infobox-icon icon icon-map\"><\/i>\n                <\/div>\n          <\/div>\n                        <div class=\"box-body\">\n                            <h3 class=\"elementskit-info-box-title\">\n                    Location                <\/h3>\n                        \t\t  \t<p>Dritan Hoxha Street, MC Inerte Palace, Building 203, Laprake 1023, Tirana<\/p>\n                                <\/div>\n        \n        \n                <\/div>\n                <\/a>\n        <\/div>\t\t\t\t<\/div>\n\t\t\t\t<\/div>\n\t\t\t\t\t<\/div>\n\t\t<\/div>\n\t\t\t\t<div class=\"elementor-column elementor-col-33 elementor-inner-column elementor-element elementor-element-4a85e20e\" data-id=\"4a85e20e\" data-element_type=\"column\">\n\t\t\t<div class=\"elementor-widget-wrap elementor-element-populated\">\n\t\t\t\t\t\t<div class=\"elementor-element elementor-element-3f5c788 ekit-equal-height-disable elementor-widget elementor-widget-elementskit-icon-box\" data-id=\"3f5c788\" data-element_type=\"widget\" data-widget_type=\"elementskit-icon-box.default\">\n\t\t\t\t<div class=\"elementor-widget-container\">\n\t\t\t\t\t<div class=\"ekit-wid-con\" >        <!-- link opening -->\n                <a href=\"#\" class=\"ekit_global_links\">\n                <!-- end link opening -->\n\n        <div class=\"elementskit-infobox text-center text- icon-top-align elementor-animation-\">\n                    <div class=\"elementskit-box-header elementor-animation-\">\n                <div class=\"elementskit-info-box-icon\">\n                    <i aria-hidden=\"true\" class=\"elementkit-infobox-icon icon icon-phone-call2\"><\/i>\n                <\/div>\n          <\/div>\n                        <div class=\"box-body\">\n                            <h3 class=\"elementskit-info-box-title\">\n                    Phone Number                 <\/h3>\n                        \t\t  \t<p>+355 682069199<\/p>\n                                <\/div>\n        \n        \n                <\/div>\n                <\/a>\n        <\/div>\t\t\t\t<\/div>\n\t\t\t\t<\/div>\n\t\t\t\t\t<\/div>\n\t\t<\/div>\n\t\t\t\t<div class=\"elementor-column elementor-col-33 elementor-inner-column elementor-element elementor-element-6b5f2ecf\" data-id=\"6b5f2ecf\" data-element_type=\"column\">\n\t\t\t<div class=\"elementor-widget-wrap elementor-element-populated\">\n\t\t\t\t\t\t<div class=\"elementor-element elementor-element-5bf30487 ekit-equal-height-disable elementor-widget elementor-widget-elementskit-icon-box\" data-id=\"5bf30487\" data-element_type=\"widget\" data-widget_type=\"elementskit-icon-box.default\">\n\t\t\t\t<div class=\"elementor-widget-container\">\n\t\t\t\t\t<div class=\"ekit-wid-con\" >        <!-- link opening -->\n                <a href=\"#\" class=\"ekit_global_links\">\n                <!-- end link opening -->\n\n        <div class=\"elementskit-infobox text-center text- icon-top-align elementor-animation-\">\n                    <div class=\"elementskit-box-header elementor-animation-\">\n                <div class=\"elementskit-info-box-icon\">\n                    <i aria-hidden=\"true\" class=\"elementkit-infobox-icon icon icon-envelope3\"><\/i>\n                <\/div>\n          <\/div>\n                        <div class=\"box-body\">\n                            <h3 class=\"elementskit-info-box-title\">\n                    E-mail                <\/h3>\n                        \t\t  \t<p>info@starnet.al<\/p>\n                                <\/div>\n        \n        \n                <\/div>\n                <\/a>\n        <\/div>\t\t\t\t<\/div>\n\t\t\t\t<\/div>\n\t\t\t\t\t<\/div>\n\t\t<\/div>\n\t\t\t\t\t<\/div>\n\t\t<\/section>\n\t\t\t\t\t<\/div>\n\t\t<\/div>\n\t\t\t\t\t<\/div>\n\t\t<\/section>\n\t\t\t\t<\/div>","protected":false},"excerpt":{"rendered":"<p>D\u00cbRGONI NJ\u00cb MESAZHE Le t\u00eb fillojm\u00eb t\u00eb flasim me stafin ton\u00eb p\u00ebr t&#8217;ju ndihmuar. Ju lutemi plot\u00ebsoni t\u00eb dh\u00ebnat e m\u00ebposhtme. KONTAKTONI Na kontaktoni p\u00ebr \u00e7do pyetje q\u00eb keni Vendodhja Rruga Dritan Hoxha, Pallati MC Inerte, Ndertesa 203, Laprake 1023, Tirane Numri i Telefonit +355 682069199 E-mail info@starnet.al<\/p>","protected":false},"author":1,"featured_media":0,"parent":0,"menu_order":0,"comment_status":"closed","ping_status":"closed","template":"","meta":{"footnotes":""},"class_list":["post-386","page","type-page","status-publish","hentry"],"yoast_head":"<!-- This site is optimized with the Yoast SEO plugin v25.9 - https:\/\/yoast.com\/wordpress\/plugins\/seo\/ -->\n<title>Na Kontaktoni - STARNET<\/title>\n<meta name=\"robots\" content=\"index, follow, max-snippet:-1, max-image-preview:large, max-video-preview:-1\" \/>\n<link rel=\"canonical\" href=\"https:\/\/starnet.al\/en\/na-kontaktoni\/\" \/>\n<meta property=\"og:locale\" content=\"en_US\" \/>\n<meta property=\"og:type\" content=\"article\" \/>\n<meta property=\"og:title\" content=\"Na Kontaktoni - STARNET\" \/>\n<meta property=\"og:description\" content=\"D\u00cbRGONI NJ\u00cb MESAZHE Le t\u00eb fillojm\u00eb t\u00eb flasim me stafin ton\u00eb p\u00ebr t&#8217;ju ndihmuar. Ju lutemi plot\u00ebsoni t\u00eb dh\u00ebnat e m\u00ebposhtme. KONTAKTONI Na kontaktoni p\u00ebr \u00e7do pyetje q\u00eb keni Vendodhja Rruga Dritan Hoxha, Pallati MC Inerte, Ndertesa 203, Laprake 1023, Tirane Numri i Telefonit +355 682069199 E-mail info@starnet.al\" \/>\n<meta property=\"og:url\" content=\"https:\/\/starnet.al\/en\/na-kontaktoni\/\" \/>\n<meta property=\"og:site_name\" content=\"STARNET\" \/>\n<meta property=\"article:modified_time\" content=\"2023-11-07T11:35:25+00:00\" \/>\n<meta name=\"twitter:card\" content=\"summary_large_image\" \/>\n<script type=\"application\/ld+json\" class=\"yoast-schema-graph\">{\"@context\":\"https:\/\/schema.org\",\"@graph\":[{\"@type\":\"WebPage\",\"@id\":\"https:\/\/starnet.al\/na-kontaktoni\/\",\"url\":\"https:\/\/starnet.al\/na-kontaktoni\/\",\"name\":\"Na Kontaktoni - STARNET\",\"isPartOf\":{\"@id\":\"https:\/\/starnet.al\/#website\"},\"datePublished\":\"2023-10-18T15:37:41+00:00\",\"dateModified\":\"2023-11-07T11:35:25+00:00\",\"breadcrumb\":{\"@id\":\"https:\/\/starnet.al\/na-kontaktoni\/#breadcrumb\"},\"inLanguage\":\"en-US\",\"potentialAction\":[{\"@type\":\"ReadAction\",\"target\":[\"https:\/\/starnet.al\/na-kontaktoni\/\"]}]},{\"@type\":\"BreadcrumbList\",\"@id\":\"https:\/\/starnet.al\/na-kontaktoni\/#breadcrumb\",\"itemListElement\":[{\"@type\":\"ListItem\",\"position\":1,\"name\":\"Home\",\"item\":\"https:\/\/starnet.al\/\"},{\"@type\":\"ListItem\",\"position\":2,\"name\":\"Na Kontaktoni\"}]},{\"@type\":\"WebSite\",\"@id\":\"https:\/\/starnet.al\/#website\",\"url\":\"https:\/\/starnet.al\/\",\"name\":\"STARNET\",\"description\":\"\",\"publisher\":{\"@id\":\"https:\/\/starnet.al\/#organization\"},\"potentialAction\":[{\"@type\":\"SearchAction\",\"target\":{\"@type\":\"EntryPoint\",\"urlTemplate\":\"https:\/\/starnet.al\/?s={search_term_string}\"},\"query-input\":{\"@type\":\"PropertyValueSpecification\",\"valueRequired\":true,\"valueName\":\"search_term_string\"}}],\"inLanguage\":\"en-US\"},{\"@type\":\"Organization\",\"@id\":\"https:\/\/starnet.al\/#organization\",\"name\":\"STARNET\",\"url\":\"https:\/\/starnet.al\/\",\"logo\":{\"@type\":\"ImageObject\",\"inLanguage\":\"en-US\",\"@id\":\"https:\/\/starnet.al\/#\/schema\/logo\/image\/\",\"url\":\"https:\/\/starnet.al\/wp-content\/uploads\/2023\/10\/cropped-cropped-Untitled_design__2_-removebg-preview.png\",\"contentUrl\":\"https:\/\/starnet.al\/wp-content\/uploads\/2023\/10\/cropped-cropped-Untitled_design__2_-removebg-preview.png\",\"width\":512,\"height\":387,\"caption\":\"STARNET\"},\"image\":{\"@id\":\"https:\/\/starnet.al\/#\/schema\/logo\/image\/\"}}]}<\/script>\n<!-- \/ Yoast SEO plugin. -->","yoast_head_json":{"title":"Na Kontaktoni - STARNET","robots":{"index":"index","follow":"follow","max-snippet":"max-snippet:-1","max-image-preview":"max-image-preview:large","max-video-preview":"max-video-preview:-1"},"canonical":"https:\/\/starnet.al\/en\/na-kontaktoni\/","og_locale":"en_US","og_type":"article","og_title":"Na Kontaktoni - STARNET","og_description":"D\u00cbRGONI NJ\u00cb MESAZHE Le t\u00eb fillojm\u00eb t\u00eb flasim me stafin ton\u00eb p\u00ebr t&#8217;ju ndihmuar. Ju lutemi plot\u00ebsoni t\u00eb dh\u00ebnat e m\u00ebposhtme. KONTAKTONI Na kontaktoni p\u00ebr \u00e7do pyetje q\u00eb keni Vendodhja Rruga Dritan Hoxha, Pallati MC Inerte, Ndertesa 203, Laprake 1023, Tirane Numri i Telefonit +355 682069199 E-mail info@starnet.al","og_url":"https:\/\/starnet.al\/en\/na-kontaktoni\/","og_site_name":"STARNET","article_modified_time":"2023-11-07T11:35:25+00:00","twitter_card":"summary_large_image","schema":{"@context":"https:\/\/schema.org","@graph":[{"@type":"WebPage","@id":"https:\/\/starnet.al\/na-kontaktoni\/","url":"https:\/\/starnet.al\/na-kontaktoni\/","name":"Na Kontaktoni - STARNET","isPartOf":{"@id":"https:\/\/starnet.al\/#website"},"datePublished":"2023-10-18T15:37:41+00:00","dateModified":"2023-11-07T11:35:25+00:00","breadcrumb":{"@id":"https:\/\/starnet.al\/na-kontaktoni\/#breadcrumb"},"inLanguage":"en-US","potentialAction":[{"@type":"ReadAction","target":["https:\/\/starnet.al\/na-kontaktoni\/"]}]},{"@type":"BreadcrumbList","@id":"https:\/\/starnet.al\/na-kontaktoni\/#breadcrumb","itemListElement":[{"@type":"ListItem","position":1,"name":"Home","item":"https:\/\/starnet.al\/"},{"@type":"ListItem","position":2,"name":"Na Kontaktoni"}]},{"@type":"WebSite","@id":"https:\/\/starnet.al\/#website","url":"https:\/\/starnet.al\/","name":"STARNET","description":"","publisher":{"@id":"https:\/\/starnet.al\/#organization"},"potentialAction":[{"@type":"SearchAction","target":{"@type":"EntryPoint","urlTemplate":"https:\/\/starnet.al\/?s={search_term_string}"},"query-input":{"@type":"PropertyValueSpecification","valueRequired":true,"valueName":"search_term_string"}}],"inLanguage":"en-US"},{"@type":"Organization","@id":"https:\/\/starnet.al\/#organization","name":"STARNET","url":"https:\/\/starnet.al\/","logo":{"@type":"ImageObject","inLanguage":"en-US","@id":"https:\/\/starnet.al\/#\/schema\/logo\/image\/","url":"https:\/\/starnet.al\/wp-content\/uploads\/2023\/10\/cropped-cropped-Untitled_design__2_-removebg-preview.png","contentUrl":"https:\/\/starnet.al\/wp-content\/uploads\/2023\/10\/cropped-cropped-Untitled_design__2_-removebg-preview.png","width":512,"height":387,"caption":"STARNET"},"image":{"@id":"https:\/\/starnet.al\/#\/schema\/logo\/image\/"}}]}},"_links":{"self":[{"href":"https:\/\/starnet.al\/en\/wp-json\/wp\/v2\/pages\/386","targetHints":{"allow":["GET"]}}],"collection":[{"href":"https:\/\/starnet.al\/en\/wp-json\/wp\/v2\/pages"}],"about":[{"href":"https:\/\/starnet.al\/en\/wp-json\/wp\/v2\/types\/page"}],"author":[{"embeddable":true,"href":"https:\/\/starnet.al\/en\/wp-json\/wp\/v2\/users\/1"}],"replies":[{"embeddable":true,"href":"https:\/\/starnet.al\/en\/wp-json\/wp\/v2\/comments?post=386"}],"version-history":[{"count":112,"href":"https:\/\/starnet.al\/en\/wp-json\/wp\/v2\/pages\/386\/revisions"}],"predecessor-version":[{"id":2251,"href":"https:\/\/starnet.al\/en\/wp-json\/wp\/v2\/pages\/386\/revisions\/2251"}],"wp:attachment":[{"href":"https:\/\/starnet.al\/en\/wp-json\/wp\/v2\/media?parent=386"}],"curies":[{"name":"wp","href":"https:\/\/api.w.org\/{rel}","templated":true}]}}